{"id":528,"date":"2018-11-26T12:46:44","date_gmt":"2018-11-26T12:46:44","guid":{"rendered":"https:\/\/rftratamentotermico.com.br\/index.php\/projects\/"},"modified":"2022-09-20T18:05:13","modified_gmt":"2022-09-20T18:05:13","slug":"controle","status":"publish","type":"page","link":"https:\/\/rftratamentotermico.com.br\/index.php\/controle\/","title":{"rendered":"CONTROLE DE QUALIDADE"},"content":{"rendered":"\t\t<div data-elementor-type=\"wp-post\" data-elementor-id=\"528\" class=\"elementor elementor-528\">\n\t\t\t\t\t\t\t\t\t<section class=\"elementor-section elementor-top-section elementor-element elementor-element-7d0b1fd elementor-section-content-middle elementor-section-boxed elementor-section-height-default elementor-section-height-default\" data-id=\"7d0b1fd\" data-element_type=\"section\" data-settings=\"{&quot;background_background&quot;:&quot;classic&quot;}\">\n\t\t\t\t\t\t\t<div class=\"elementor-background-overlay\"><\/div>\n\t\t\t\t\t\t\t<div class=\"elementor-container elementor-column-gap-no\">\n\t\t\t\t\t<div class=\"elementor-column elementor-col-100 elementor-top-column elementor-element elementor-element-2365ee4d\" data-id=\"2365ee4d\" data-element_type=\"column\">\n\t\t\t<div class=\"elementor-widget-wrap elementor-element-populated\">\n\t\t\t\t\t\t\t\t<div class=\"elementor-element elementor-element-3e363d46 elementor-widget elementor-widget-heading\" data-id=\"3e363d46\" data-element_type=\"widget\" data-widget_type=\"heading.default\">\n\t\t\t\t<div class=\"elementor-widget-container\">\n\t\t\t<style>\/*! elementor - v3.7.1 - 14-08-2022 *\/\n.elementor-heading-title{padding:0;margin:0;line-height:1}.elementor-widget-heading .elementor-heading-title[class*=elementor-size-]>a{color:inherit;font-size:inherit;line-height:inherit}.elementor-widget-heading .elementor-heading-title.elementor-size-small{font-size:15px}.elementor-widget-heading .elementor-heading-title.elementor-size-medium{font-size:19px}.elementor-widget-heading .elementor-heading-title.elementor-size-large{font-size:29px}.elementor-widget-heading .elementor-heading-title.elementor-size-xl{font-size:39px}.elementor-widget-heading .elementor-heading-title.elementor-size-xxl{font-size:59px}<\/style><h1 class=\"elementor-heading-title elementor-size-xxl\">Controle de qualidade<\/h1>\t\t<\/div>\n\t\t\t\t<\/div>\n\t\t\t\t\t<\/div>\n\t\t<\/div>\n\t\t\t\t\t\t\t<\/div>\n\t\t<\/section>\n\t\t\t\t<section class=\"elementor-section elementor-top-section elementor-element elementor-element-695b2b0f elementor-section-content-top elementor-section-boxed elementor-section-height-default elementor-section-height-default\" data-id=\"695b2b0f\" data-element_type=\"section\" data-settings=\"{&quot;background_background&quot;:&quot;classic&quot;}\">\n\t\t\t\t\t\t<div class=\"elementor-container elementor-column-gap-no\">\n\t\t\t\t\t<div class=\"elementor-column elementor-col-50 elementor-top-column elementor-element elementor-element-43d414b9\" data-id=\"43d414b9\" data-element_type=\"column\">\n\t\t\t<div class=\"elementor-widget-wrap elementor-element-populated\">\n\t\t\t\t\t\t\t\t<div class=\"elementor-element elementor-element-2999a38a elementor-widget elementor-widget-image\" data-id=\"2999a38a\" data-element_type=\"widget\" data-widget_type=\"image.default\">\n\t\t\t\t<div class=\"elementor-widget-container\">\n\t\t\t<style>\/*! elementor - v3.7.1 - 14-08-2022 *\/\n.elementor-widget-image{text-align:center}.elementor-widget-image a{display:inline-block}.elementor-widget-image a img[src$=\".svg\"]{width:48px}.elementor-widget-image img{vertical-align:middle;display:inline-block}<\/style>\t\t\t\t\t\t\t\t\t\t\t\t<img width=\"590\" height=\"400\" src=\"https:\/\/rftratamentotermico.com.br\/wp-content\/uploads\/2022\/09\/Design-sem-nome-2022-09-03T112536.140.png\" class=\"attachment-full size-full\" alt=\"\" loading=\"lazy\" srcset=\"https:\/\/rftratamentotermico.com.br\/wp-content\/uploads\/2022\/09\/Design-sem-nome-2022-09-03T112536.140.png 590w, https:\/\/rftratamentotermico.com.br\/wp-content\/uploads\/2022\/09\/Design-sem-nome-2022-09-03T112536.140-300x203.png 300w\" sizes=\"(max-width: 590px) 100vw, 590px\" \/>\t\t\t\t\t\t\t\t\t\t\t\t\t\t\t<\/div>\n\t\t\t\t<\/div>\n\t\t\t\t<div class=\"elementor-element elementor-element-65a46ba6 elementor-widget elementor-widget-heading\" data-id=\"65a46ba6\" data-element_type=\"widget\" data-widget_type=\"heading.default\">\n\t\t\t\t<div class=\"elementor-widget-container\">\n\t\t\t<h4 class=\"elementor-heading-title elementor-size-default\">Certificado ISO 9001<\/h4>\t\t<\/div>\n\t\t\t\t<\/div>\n\t\t\t\t<div class=\"elementor-element elementor-element-2922c6da elementor-widget elementor-widget-text-editor\" data-id=\"2922c6da\" data-element_type=\"widget\" data-widget_type=\"text-editor.default\">\n\t\t\t\t<div class=\"elementor-widget-container\">\n\t\t\t<style>\/*! elementor - v3.7.1 - 14-08-2022 *\/\n.elementor-widget-text-editor.elementor-drop-cap-view-stacked .elementor-drop-cap{background-color:#818a91;color:#fff}.elementor-widget-text-editor.elementor-drop-cap-view-framed .elementor-drop-cap{color:#818a91;border:3px solid;background-color:transparent}.elementor-widget-text-editor:not(.elementor-drop-cap-view-default) .elementor-drop-cap{margin-top:8px}.elementor-widget-text-editor:not(.elementor-drop-cap-view-default) .elementor-drop-cap-letter{width:1em;height:1em}.elementor-widget-text-editor .elementor-drop-cap{float:left;text-align:center;line-height:1;font-size:50px}.elementor-widget-text-editor .elementor-drop-cap-letter{display:inline-block}<\/style>\t\t\t\t<p>A RF Tratamento T\u00e9rmico busca oferecer servi\u00e7os de Tratamento T\u00e9rmico e Termoqu\u00edmico\u00a0que satisfa\u00e7am as necessidades de partes interessadas, atrav\u00e9s da melhoria cont\u00ednua do Sistema de Gest\u00e3o da Qualidade e atendimento aos requisitos corporativos.<\/p>\t\t\t\t\t\t<\/div>\n\t\t\t\t<\/div>\n\t\t\t\t<div class=\"elementor-element elementor-element-b10e503 elementor-widget elementor-widget-heading\" data-id=\"b10e503\" data-element_type=\"widget\" data-widget_type=\"heading.default\">\n\t\t\t\t<div class=\"elementor-widget-container\">\n\t\t\t<h4 class=\"elementor-heading-title elementor-size-default\">Um sofisticado sistema supervis\u00f3rio conectado aos nossos equipamentos, garante total estabilidade, repetibilidade e rastreabilidade dos processos realizados.<\/h4>\t\t<\/div>\n\t\t\t\t<\/div>\n\t\t\t\t\t<\/div>\n\t\t<\/div>\n\t\t\t\t<div class=\"elementor-column elementor-col-50 elementor-top-column elementor-element elementor-element-479f1207\" data-id=\"479f1207\" data-element_type=\"column\">\n\t\t\t<div class=\"elementor-widget-wrap elementor-element-populated\">\n\t\t\t\t\t\t\t\t<div class=\"elementor-element elementor-element-1c138690 elementor-widget elementor-widget-image\" data-id=\"1c138690\" data-element_type=\"widget\" data-widget_type=\"image.default\">\n\t\t\t\t<div class=\"elementor-widget-container\">\n\t\t\t\t\t\t\t\t\t\t\t\t\t\t\t<img width=\"590\" height=\"400\" src=\"https:\/\/rftratamentotermico.com.br\/wp-content\/uploads\/2022\/09\/Design-sem-nome-2022-09-03T113100.207.png\" class=\"attachment-full size-full\" alt=\"\" loading=\"lazy\" srcset=\"https:\/\/rftratamentotermico.com.br\/wp-content\/uploads\/2022\/09\/Design-sem-nome-2022-09-03T113100.207.png 590w, https:\/\/rftratamentotermico.com.br\/wp-content\/uploads\/2022\/09\/Design-sem-nome-2022-09-03T113100.207-300x203.png 300w\" sizes=\"(max-width: 590px) 100vw, 590px\" \/>\t\t\t\t\t\t\t\t\t\t\t\t\t\t\t<\/div>\n\t\t\t\t<\/div>\n\t\t\t\t<div class=\"elementor-element elementor-element-659e6e22 elementor-widget elementor-widget-heading\" data-id=\"659e6e22\" data-element_type=\"widget\" data-widget_type=\"heading.default\">\n\t\t\t\t<div class=\"elementor-widget-container\">\n\t\t\t<h4 class=\"elementor-heading-title elementor-size-default\">Compromisso e \u00c9tica<\/h4>\t\t<\/div>\n\t\t\t\t<\/div>\n\t\t\t\t<div class=\"elementor-element elementor-element-61fbbb60 elementor-widget elementor-widget-text-editor\" data-id=\"61fbbb60\" data-element_type=\"widget\" data-widget_type=\"text-editor.default\">\n\t\t\t\t<div class=\"elementor-widget-container\">\n\t\t\t\t\t\t\t<p>\u00a0Oferecemos aos nossos clientes a tranquilidade e garantia da qualidade dos servi\u00e7os e entrega no prazo combinado. Dedica\u00e7\u00e3o, seriedade e comprometimento com o cliente, \u00e9 assim que a RF Tratamento T\u00e9rmico oferece ao mercado toda sua capacidade e versatilidade\u00a0<\/p>\t\t\t\t\t\t<\/div>\n\t\t\t\t<\/div>\n\t\t\t\t<div class=\"elementor-element elementor-element-09670ba elementor-widget elementor-widget-heading\" data-id=\"09670ba\" data-element_type=\"widget\" data-widget_type=\"heading.default\">\n\t\t\t\t<div class=\"elementor-widget-container\">\n\t\t\t<h4 class=\"elementor-heading-title elementor-size-default\">A RF \u00e9 especializada em tratamento t\u00e9rmico e em entregar o melhor servi\u00e7o para nossos clientes<\/h4>\t\t<\/div>\n\t\t\t\t<\/div>\n\t\t\t\t\t<\/div>\n\t\t<\/div>\n\t\t\t\t\t\t\t<\/div>\n\t\t<\/section>\n\t\t\t\t<section class=\"elementor-section elementor-top-section elementor-element elementor-element-bc4ef09 elementor-section-boxed elementor-section-height-default elementor-section-height-default\" data-id=\"bc4ef09\" data-element_type=\"section\">\n\t\t\t\t\t\t<div class=\"elementor-container elementor-column-gap-default\">\n\t\t\t\t\t<div class=\"elementor-column elementor-col-66 elementor-top-column elementor-element elementor-element-2b95e6f\" data-id=\"2b95e6f\" data-element_type=\"column\">\n\t\t\t<div class=\"elementor-widget-wrap elementor-element-populated\">\n\t\t\t\t\t\t\t\t<div class=\"elementor-element elementor-element-e4c0a0e elementor-widget elementor-widget-heading\" data-id=\"e4c0a0e\" data-element_type=\"widget\" data-widget_type=\"heading.default\">\n\t\t\t\t<div class=\"elementor-widget-container\">\n\t\t\t<h3 class=\"elementor-heading-title elementor-size-default\">Est\u00e1 precisando tirar alguma d\u00favida sobre tratamento t\u00e9rmico? Entre em contato conosco <\/h3>\t\t<\/div>\n\t\t\t\t<\/div>\n\t\t\t\t\t<\/div>\n\t\t<\/div>\n\t\t\t\t<div class=\"elementor-column elementor-col-33 elementor-top-column elementor-element elementor-element-3a25c5e\" data-id=\"3a25c5e\" data-element_type=\"column\">\n\t\t\t<div class=\"elementor-widget-wrap elementor-element-populated\">\n\t\t\t\t\t\t\t\t<div class=\"elementor-element elementor-element-27ef77f elementor-align-center elementor-widget elementor-widget-button\" data-id=\"27ef77f\" data-element_type=\"widget\" data-widget_type=\"button.default\">\n\t\t\t\t<div class=\"elementor-widget-container\">\n\t\t\t\t\t<div class=\"elementor-button-wrapper\">\n\t\t\t<a href=\"https:\/\/api.whatsapp.com\/send?phone=5511947277222&#038;text=Ol%C3%A1%20tudo%20bem%3F%20Gostaria%20de%20fazer%20um%20or%C3%A7amento%20de%20tratamento%20t%C3%A9rmico\" class=\"elementor-button-link elementor-button elementor-size-sm\" role=\"button\">\n\t\t\t\t\t\t<span class=\"elementor-button-content-wrapper\">\n\t\t\t\t\t\t<span class=\"elementor-button-text\">Entrar em Contato<\/span>\n\t\t<\/span>\n\t\t\t\t\t<\/a>\n\t\t<\/div>\n\t\t\t\t<\/div>\n\t\t\t\t<\/div>\n\t\t\t\t\t<\/div>\n\t\t<\/div>\n\t\t\t\t\t\t\t<\/div>\n\t\t<\/section>\n\t\t\t\t\t\t\t<\/div>\n\t\t","protected":false},"excerpt":{"rendered":"<p>Controle de qualidade Certificado ISO 9001 A RF Tratamento T\u00e9rmico busca oferecer servi\u00e7os de Tratamento T\u00e9rmico e Termoqu\u00edmico\u00a0que satisfa\u00e7am as necessidades de partes interessadas, atrav\u00e9s da melhoria cont\u00ednua do Sistema de Gest\u00e3o da Qualidade e atendimento aos requisitos corporativos. Um sofisticado sistema supervis\u00f3rio conectado aos nossos equipamentos, garante total estabilidade, repetibilidade e rastreabilidade dos processos &hellip;<\/p>\n<p class=\"read-more\"> <a class=\"\" href=\"https:\/\/rftratamentotermico.com.br\/index.php\/controle\/\"> <span class=\"screen-reader-text\">CONTROLE DE QUALIDADE<\/span> Leia mais &raquo;<\/a><\/p>\n","protected":false},"author":1,"featured_media":0,"parent":0,"menu_order":0,"comment_status":"closed","ping_status":"closed","template":"","meta":{"site-sidebar-layout":"no-sidebar","site-content-layout":"page-builder","ast-global-header-display":"","ast-main-header-display":"","ast-hfb-above-header-display":"","ast-hfb-below-header-display":"","ast-hfb-mobile-header-display":"","site-post-title":"disabled","ast-breadcrumbs-content":"","ast-featured-img":"disabled","footer-sml-layout":"","theme-transparent-header-meta":"enabled","adv-header-id-meta":"","stick-header-meta":"","header-above-stick-meta":"","header-main-stick-meta":"","header-below-stick-meta":""},"_links":{"self":[{"href":"https:\/\/rftratamentotermico.com.br\/index.php\/wp-json\/wp\/v2\/pages\/528"}],"collection":[{"href":"https:\/\/rftratamentotermico.com.br\/index.php\/wp-json\/wp\/v2\/pages"}],"about":[{"href":"https:\/\/rftratamentotermico.com.br\/index.php\/wp-json\/wp\/v2\/types\/page"}],"author":[{"embeddable":true,"href":"https:\/\/rftratamentotermico.com.br\/index.php\/wp-json\/wp\/v2\/users\/1"}],"replies":[{"embeddable":true,"href":"https:\/\/rftratamentotermico.com.br\/index.php\/wp-json\/wp\/v2\/comments?post=528"}],"version-history":[{"count":17,"href":"https:\/\/rftratamentotermico.com.br\/index.php\/wp-json\/wp\/v2\/pages\/528\/revisions"}],"predecessor-version":[{"id":809,"href":"https:\/\/rftratamentotermico.com.br\/index.php\/wp-json\/wp\/v2\/pages\/528\/revisions\/809"}],"wp:attachment":[{"href":"https:\/\/rftratamentotermico.com.br\/index.php\/wp-json\/wp\/v2\/media?parent=528"}],"curies":[{"name":"wp","href":"https:\/\/api.w.org\/{rel}","templated":true}]}}